{"id":5577,"date":"2015-01-01T00:00:00","date_gmt":"2015-01-01T00:00:00","guid":{"rendered":"https:\/\/floristanavarro.tusitio.es\/producto\/zamioculca-zamiifolia-2\/"},"modified":"2015-01-01T00:00:00","modified_gmt":"2015-01-01T00:00:00","slug":"zamioculca-zamiifolia-2","status":"publish","type":"product","link":"https:\/\/floristanavarro.tusitio.es\/ca\/producto\/zamioculca-zamiifolia-2\/","title":{"rendered":"Zamioculca zamiifolia"},"content":{"rendered":"<p>La planta de Zamioculca Zamiifoli \u00e9s una de les plantes d&#8217;interior preferides pels dissenyadors d&#8217;interiors, aix\u00f2 \u00e9s degut al seu fullatge brillant de color verd fosc i les seves esveltes branques.<br \/>\u00c9s una planta molt f\u00e0cil de cuidar y que pr\u00e0cticament est\u00e0 lliure de malalties i plagues. Necessita poca llum i reg moderat, \u00e9s important que el substrat sempre estigui humit.<br \/>Aquesta planta medeix aproximadament 70 cm.<br \/>Inclou test de cer\u00e0mica decoratiu.<\/p>\n","protected":false},"excerpt":{"rendered":"<p>La planta de Zamioculca Zamiifoli \u00e9s una de les plantes d&#8217;interior preferides pels dissenyadors d&#8217;interiors, aix\u00f2 \u00e9s degut al seu fullatge brillant de color verd fosc i les seves esveltes branques.<br \/>\u00c9s una planta molt f\u00e0cil de cuidar y que pr\u00e0cticament est\u00e0 lliure de malalties i plagues. Necessita poca llum i reg moderat, \u00e9s important que el substrat sempre estigui humit.<br \/>Aquesta planta medeix aproximadament 70 cm.<br \/>Inclou test de cer\u00e0mica decoratiu.<\/p>\n","protected":false},"featured_media":0,"comment_status":"open","ping_status":"closed","template":"","meta":[],"product_brand":[],"product_cat":[193,260,264,375,223,208],"product_tag":[],"class_list":{"0":"post-5577","1":"product","2":"type-product","3":"status-publish","5":"product_cat-inici","6":"product_cat-interior","7":"product_cat-interior-ca","8":"product_cat-interior-2","9":"product_cat-nulo-ca","10":"product_cat-plantes","12":"first","13":"instock","14":"featured","15":"shipping-taxable","16":"purchasable","17":"product-type-variable","18":"has-default-attributes"},"_links":{"self":[{"href":"https:\/\/floristanavarro.tusitio.es\/ca\/wp-json\/wp\/v2\/product\/5577","targetHints":{"allow":["GET"]}}],"collection":[{"href":"https:\/\/floristanavarro.tusitio.es\/ca\/wp-json\/wp\/v2\/product"}],"about":[{"href":"https:\/\/floristanavarro.tusitio.es\/ca\/wp-json\/wp\/v2\/types\/product"}],"replies":[{"embeddable":true,"href":"https:\/\/floristanavarro.tusitio.es\/ca\/wp-json\/wp\/v2\/comments?post=5577"}],"version-history":[{"count":0,"href":"https:\/\/floristanavarro.tusitio.es\/ca\/wp-json\/wp\/v2\/product\/5577\/revisions"}],"wp:attachment":[{"href":"https:\/\/floristanavarro.tusitio.es\/ca\/wp-json\/wp\/v2\/media?parent=5577"}],"wp:term":[{"taxonomy":"product_brand","embeddable":true,"href":"https:\/\/floristanavarro.tusitio.es\/ca\/wp-json\/wp\/v2\/product_brand?post=5577"},{"taxonomy":"product_cat","embeddable":true,"href":"https:\/\/floristanavarro.tusitio.es\/ca\/wp-json\/wp\/v2\/product_cat?post=5577"},{"taxonomy":"product_tag","embeddable":true,"href":"https:\/\/floristanavarro.tusitio.es\/ca\/wp-json\/wp\/v2\/product_tag?post=5577"}],"curies":[{"name":"wp","href":"https:\/\/api.w.org\/{rel}","templated":true}]}}