{"id":4760,"date":"2015-01-01T00:00:00","date_gmt":"2015-01-01T00:00:00","guid":{"rendered":"https:\/\/floristanavarro.tusitio.es\/producto\/orquidea-phalaenopsis-lia\/"},"modified":"2015-01-01T00:00:00","modified_gmt":"2015-01-01T00:00:00","slug":"orquidea-phalaenopsis-lia","status":"publish","type":"product","link":"https:\/\/floristanavarro.tusitio.es\/ca\/producto\/orquidea-phalaenopsis-lia\/","title":{"rendered":"Orqu\u00eddea Phalaenopsis Lia"},"content":{"rendered":"<p>Aquesta planta \u00e9s una de les m\u00e9s admirades per la seva bellesa dins de la fam\u00edlia de les orqu\u00eddees, les indicacions que hem de seguir per cuidar-la no s\u00f3n gaire complicades, per\u00f2 s\u00ed que es una planta delicada d&#8217;interior, que ben cuidada pot durar fins a tres anys.<br \/>Floreix 2 o 3 cops l&#8217;any i cada branca pot suportar fins a 20 flors. Un cop les flors s&#8217;hagin marcit es recomana la seva poda. En aquesta planta no li agraden les tempatures extremes ni les corrents d&#8217;aire, la tindrem en un lloc de la casa o oficina resguardada de possibles corrents d&#8217;aire i sobretot on hi hagi molta llum natural, tampoc li agrada el clima sec, un clima humit \u00e9s perfecte. A l&#8217;hivern haurem de regar-la un cop a la setmana, amb un got \u00e9s sificient, a l&#8217;estiu i primavera augmantarem a dos cops per setmana, la clau est\u00e0 que el sustracte sempre estigui humit sense arribar a ofegar-la.<br \/>Recomanem tenir la torreta sobre d&#8217;un plat , aix\u00ed l&#8217;aigua que la planta no desitgii la rebutjar\u00e0 i quan la necessiti l&#8217;absorbir\u00e0<\/p>\n","protected":false},"excerpt":{"rendered":"<p>Orqu\u00eddea phalaenopsis lila<br \/>Aquesta planta \u00e9s una de les m\u00e9s admirades per la seva bellesa dins de la fam\u00edlia de les orqu\u00eddees, les indicacions que hem de seguir per cuidar-la no s\u00f3n gaire complicades, per\u00f2 s\u00ed que es una planta delicada d&#8217;interior, que ben cuidada pot durar fins a tres anys.<br \/>Floreix 2 o 3 cops l&#8217;any i cada branca pot suportar fins a 20 flors. Un cop les flors s&#8217;hagin marcit es recomana la seva poda. En aquesta planta no li agraden les tempatures extremes ni les corrents d&#8217;aire, la tindrem en un lloc de la casa o oficina resguardada de possibles corrents d&#8217;aire i sobretot on hi hagi molta llum natural, tampoc li agrada el clima sec, un clima humit \u00e9s perfecte. A l&#8217;hivern haurem de regar-la un cop a la setmana, amb un got \u00e9s sificient, a l&#8217;estiu i primavera au[&#8230;]<\/p>\n","protected":false},"featured_media":0,"comment_status":"open","ping_status":"closed","template":"","meta":[],"product_brand":[],"product_cat":[296,193,375,208],"product_tag":[],"class_list":{"0":"post-4760","1":"product","2":"type-product","3":"status-publish","5":"product_cat-aniversari","6":"product_cat-inici","7":"product_cat-interior-2","8":"product_cat-plantes","10":"first","11":"instock","12":"sale","13":"shipping-taxable","14":"purchasable","15":"product-type-variable","16":"has-default-attributes"},"_links":{"self":[{"href":"https:\/\/floristanavarro.tusitio.es\/ca\/wp-json\/wp\/v2\/product\/4760","targetHints":{"allow":["GET"]}}],"collection":[{"href":"https:\/\/floristanavarro.tusitio.es\/ca\/wp-json\/wp\/v2\/product"}],"about":[{"href":"https:\/\/floristanavarro.tusitio.es\/ca\/wp-json\/wp\/v2\/types\/product"}],"replies":[{"embeddable":true,"href":"https:\/\/floristanavarro.tusitio.es\/ca\/wp-json\/wp\/v2\/comments?post=4760"}],"version-history":[{"count":0,"href":"https:\/\/floristanavarro.tusitio.es\/ca\/wp-json\/wp\/v2\/product\/4760\/revisions"}],"wp:attachment":[{"href":"https:\/\/floristanavarro.tusitio.es\/ca\/wp-json\/wp\/v2\/media?parent=4760"}],"wp:term":[{"taxonomy":"product_brand","embeddable":true,"href":"https:\/\/floristanavarro.tusitio.es\/ca\/wp-json\/wp\/v2\/product_brand?post=4760"},{"taxonomy":"product_cat","embeddable":true,"href":"https:\/\/floristanavarro.tusitio.es\/ca\/wp-json\/wp\/v2\/product_cat?post=4760"},{"taxonomy":"product_tag","embeddable":true,"href":"https:\/\/floristanavarro.tusitio.es\/ca\/wp-json\/wp\/v2\/product_tag?post=4760"}],"curies":[{"name":"wp","href":"https:\/\/api.w.org\/{rel}","templated":true}]}}