{"id":3502,"date":"2015-01-01T00:00:00","date_gmt":"2015-01-01T00:00:00","guid":{"rendered":"https:\/\/floristanavarro.tusitio.es\/producto\/grup-de-plantes-amb-peluix\/"},"modified":"2015-01-01T00:00:00","modified_gmt":"2015-01-01T00:00:00","slug":"grup-de-plantes-amb-peluix","status":"publish","type":"product","link":"https:\/\/floristanavarro.tusitio.es\/ca\/producto\/grup-de-plantes-amb-peluix\/","title":{"rendered":"Grup De Plantes Amb Peluix"},"content":{"rendered":"<p>Grup de plantes especial naixement, una composici\u00f3 molt especial per rebre a un nou membre de la nostra fam\u00edlia.<br \/>Aquest grup de plantes est\u00e0 composat per quatre plantes: una dr\u00e0cena marginata, un potos, un crotton i un spathiphyillum, m\u00e9s un simp\u00e0tic os de peluix de 42cm.<br \/>Un regal magn\u00edfic per entregar tant a casa com a la cl\u00ednica, des de FloristaNavarro tamb\u00e9 volem donar-vos la nostra m\u00e9s sincera enhorabona.<\/p>\n","protected":false},"excerpt":{"rendered":"<p>Grup de plantes especial naixement, una composici\u00f3 molt especial per rebre a un nou membre de la nostra fam\u00edlia.<br \/>Aquest grup de plantes est\u00e0 composat per quatre plantes: una dr\u00e0cena marginata, un potos, un crotton i un spathiphyillum, m\u00e9s un simp\u00e0tic os de peluix de 42cm.<br \/>Un regal magn\u00edfic per entregar tant a casa com a la cl\u00ednica, des de FloristaNavarro tamb\u00e9 volem donar-vos la nostra m\u00e9s sincera enhorabona.<\/p>\n","protected":false},"featured_media":0,"comment_status":"open","ping_status":"closed","template":"","meta":[],"product_brand":[],"product_cat":[193,312,223,199],"product_tag":[],"class_list":{"0":"post-3502","1":"product","2":"type-product","3":"status-publish","5":"product_cat-inici","6":"product_cat-naixement","7":"product_cat-nulo-ca","8":"product_cat-ocasions","10":"first","11":"instock","12":"shipping-taxable","13":"purchasable","14":"product-type-variable","15":"has-default-attributes"},"_links":{"self":[{"href":"https:\/\/floristanavarro.tusitio.es\/ca\/wp-json\/wp\/v2\/product\/3502","targetHints":{"allow":["GET"]}}],"collection":[{"href":"https:\/\/floristanavarro.tusitio.es\/ca\/wp-json\/wp\/v2\/product"}],"about":[{"href":"https:\/\/floristanavarro.tusitio.es\/ca\/wp-json\/wp\/v2\/types\/product"}],"replies":[{"embeddable":true,"href":"https:\/\/floristanavarro.tusitio.es\/ca\/wp-json\/wp\/v2\/comments?post=3502"}],"version-history":[{"count":0,"href":"https:\/\/floristanavarro.tusitio.es\/ca\/wp-json\/wp\/v2\/product\/3502\/revisions"}],"wp:attachment":[{"href":"https:\/\/floristanavarro.tusitio.es\/ca\/wp-json\/wp\/v2\/media?parent=3502"}],"wp:term":[{"taxonomy":"product_brand","embeddable":true,"href":"https:\/\/floristanavarro.tusitio.es\/ca\/wp-json\/wp\/v2\/product_brand?post=3502"},{"taxonomy":"product_cat","embeddable":true,"href":"https:\/\/floristanavarro.tusitio.es\/ca\/wp-json\/wp\/v2\/product_cat?post=3502"},{"taxonomy":"product_tag","embeddable":true,"href":"https:\/\/floristanavarro.tusitio.es\/ca\/wp-json\/wp\/v2\/product_tag?post=3502"}],"curies":[{"name":"wp","href":"https:\/\/api.w.org\/{rel}","templated":true}]}}