{"id":2901,"date":"2015-01-01T00:00:00","date_gmt":"2015-01-01T00:00:00","guid":{"rendered":"https:\/\/floristanavarro.tusitio.es\/producto\/planta-de-guzmania-4\/"},"modified":"2015-01-01T00:00:00","modified_gmt":"2015-01-01T00:00:00","slug":"planta-de-guzmania-4","status":"publish","type":"product","link":"https:\/\/floristanavarro.tusitio.es\/ca\/producto\/planta-de-guzmania-4\/","title":{"rendered":"Planta De Guzmania"},"content":{"rendered":"<p>La planta de guzmania pertany a la gran fam\u00edlia brormelicaceae, \u00e9s un grup de plantes tropicals  i ex\u00f2tiques. Afortunadament aquesta planta \u00e9s extremadament f\u00e0cil de cuidar i molt resistent, sempre que es regui adequadament. El recipient o urna \u00e9s el que interessa que tingui aigua continuament  (la parte central de la planta) el substrat o terra on est\u00e0 plantada nom\u00e9s requereix que estigui humit, per tant nom\u00e9s  hauremde mirar que la part central de la planta tingui aigua; tot i que no \u00e9s necessari per la seva superviv\u00e8ncia, \u00e9s preferible mantenir-la en unlloc solellat de la casa. amb llum directa per conservar el color de les br\u00e1ctees.  \u00c9s una planta que agraeix el calor per\u00f2 suporta temperatures extremes. Si t&#8217;agrada que la teva casa estigui decorada amb plantes, per\u00f2 no tens temps suficient per elles, segurament la guzmania sigui una bona sol.luci\u00f3 pel teu problema. S\u00f3n plantes resistents que no requereixen molta cura i donaran un toc original a les est\u00e0ncies. A part, s\u00f3n molt decoratives, especialment en les noves tend\u00e8ncies orientades al minimalisme.  Aquesta planta floreix nom\u00e9s un cop,  per\u00f2 si que produeix plan\u00e7ons que poden florir a l&#8217;any seg\u00fcent, les rossetes que han florit han de tallar-se per provocar el naixement d&#8217;altres pla\u00e7ons,i tallar la rosseta ho farem a la tardor per que les possibles flors puguin cr\u00e9ixer adequadament,<\/p>\n","protected":false},"excerpt":{"rendered":"<p>La planta de guzmania pertany a la gran fam\u00edlia brormelicaceae, \u00e9s un grup de plantes tropicals  i ex\u00f2tiques. Afortunadament aquesta planta \u00e9s extremadament f\u00e0cil de cuidar i molt resistent, sempre que es regui adequadament. El recipient o urna \u00e9s el que interessa que tingui aigua continuament  (la parte central de la planta) el substrat o terra on est\u00e0 plantada nom\u00e9s requereix que estigui humit, per tant nom\u00e9s  hauremde mirar que la part central de la planta tingui aigua; tot i que no \u00e9s necessari per la seva superviv\u00e8ncia, \u00e9s preferible mantenir-la en unlloc solellat de la casa. amb llum directa per conservar el color de les br\u00e1ctees.  \u00c9s una planta que agraeix el calor per\u00f2 suporta temperatures extremes. Si t&#8217;agrada que la teva casa estigui decorada amb plantes, per\u00f2 no tens temps[&#8230;]<\/p>\n","protected":false},"featured_media":0,"comment_status":"open","ping_status":"closed","template":"","meta":[],"product_brand":[],"product_cat":[296,193,264,208],"product_tag":[],"class_list":{"0":"post-2901","1":"product","2":"type-product","3":"status-publish","5":"product_cat-aniversari","6":"product_cat-inici","7":"product_cat-interior-ca","8":"product_cat-plantes","10":"first","11":"instock","12":"shipping-taxable","13":"purchasable","14":"product-type-variable","15":"has-default-attributes"},"_links":{"self":[{"href":"https:\/\/floristanavarro.tusitio.es\/ca\/wp-json\/wp\/v2\/product\/2901","targetHints":{"allow":["GET"]}}],"collection":[{"href":"https:\/\/floristanavarro.tusitio.es\/ca\/wp-json\/wp\/v2\/product"}],"about":[{"href":"https:\/\/floristanavarro.tusitio.es\/ca\/wp-json\/wp\/v2\/types\/product"}],"replies":[{"embeddable":true,"href":"https:\/\/floristanavarro.tusitio.es\/ca\/wp-json\/wp\/v2\/comments?post=2901"}],"version-history":[{"count":0,"href":"https:\/\/floristanavarro.tusitio.es\/ca\/wp-json\/wp\/v2\/product\/2901\/revisions"}],"wp:attachment":[{"href":"https:\/\/floristanavarro.tusitio.es\/ca\/wp-json\/wp\/v2\/media?parent=2901"}],"wp:term":[{"taxonomy":"product_brand","embeddable":true,"href":"https:\/\/floristanavarro.tusitio.es\/ca\/wp-json\/wp\/v2\/product_brand?post=2901"},{"taxonomy":"product_cat","embeddable":true,"href":"https:\/\/floristanavarro.tusitio.es\/ca\/wp-json\/wp\/v2\/product_cat?post=2901"},{"taxonomy":"product_tag","embeddable":true,"href":"https:\/\/floristanavarro.tusitio.es\/ca\/wp-json\/wp\/v2\/product_tag?post=2901"}],"curies":[{"name":"wp","href":"https:\/\/api.w.org\/{rel}","templated":true}]}}