{"id":2846,"date":"2015-01-01T00:00:00","date_gmt":"2015-01-01T00:00:00","guid":{"rendered":"https:\/\/floristanavarro.tusitio.es\/producto\/planta-kentya-3\/"},"modified":"2015-01-01T00:00:00","modified_gmt":"2015-01-01T00:00:00","slug":"planta-kentya-3","status":"publish","type":"product","link":"https:\/\/floristanavarro.tusitio.es\/ca\/producto\/planta-kentya-3\/","title":{"rendered":"Planta Kentya"},"content":{"rendered":"<p>Aquesta \u00e9s la planta m\u00e9s utilitzada per decorar els interiors d&#8217;una botiga, oficina o casa, ja que una de les seves virtuds \u00e9s que no exigeix molta llum i va perfecta per qualsevol rac\u00f3.  Es caracteritza per la seva eleg\u00e0ncia i resist\u00e8ncia.<br \/>Aquesta palmera no \u00e9s exigent en quan a llum, suporta molt b\u00e9 condicions de penombra, per\u00f2 es desenvolupa millor en condicions de molta llum, per\u00f2 mai sol directe. Recomanem no Posar-la a prop de radiadors ni tampoc exposada a corrents d&#8217;aire fred. Aquesta planta requereix de temperatura constant, preferiblement sobre els 24\u00baC. Recomanem polverizar les fulles amb aigua especialment a l&#8217;estiu, la sequera de l&#8217;aire la pot espatllar bastant, haurem de regar-la 2 cops per setmana en \u00e8poques de m\u00e9s calor i 1cop per setmana a l&#8217;hivern.<br \/>Hi han tres mides: <br \/>Petita: 80cm &#8211; 100cm<br \/>Mitjana: 130cm a 150cm<br \/>Gran: 160cm a 180cm<\/p>\n","protected":false},"excerpt":{"rendered":"<p>Aquesta \u00e9s la planta m\u00e9s utilitzada per decorar els interiors d&#8217;una botiga, oficina o casa, ja que una de les seves virtuds \u00e9s que no exigeix molta llum i va perfecta per qualsevol rac\u00f3.  Es caracteritza per la seva eleg\u00e0ncia i resist\u00e8ncia.<br \/>Aquesta palmera no \u00e9s exigent en quan a llum, suporta molt b\u00e9 condicions de penombra, per\u00f2 es desenvolupa millor en condicions de molta llum, per\u00f2 mai sol directe. Recomanem no Posar-la a prop de radiadors ni tampoc exposada a corrents d&#8217;aire fred. Aquesta planta requereix de temperatura constant, preferiblement sobre els 24\u00baC. Recomanem polverizar les fulles amb aigua especialment a l&#8217;estiu, la sequera de l&#8217;aire la pot espatllar bastant, haurem de regar-la 2 cops per setmana en \u00e8poques de m\u00e9s calor i 1cop per setmana a l&#8217;hivern.<br \/>Hi han [&#8230;]<\/p>\n","protected":false},"featured_media":0,"comment_status":"open","ping_status":"closed","template":"","meta":[],"product_brand":[],"product_cat":[193,264,223,208],"product_tag":[],"class_list":{"0":"post-2846","1":"product","2":"type-product","3":"status-publish","5":"product_cat-inici","6":"product_cat-interior-ca","7":"product_cat-nulo-ca","8":"product_cat-plantes","10":"first","11":"instock","12":"shipping-taxable","13":"purchasable","14":"product-type-variable","15":"has-default-attributes"},"_links":{"self":[{"href":"https:\/\/floristanavarro.tusitio.es\/ca\/wp-json\/wp\/v2\/product\/2846","targetHints":{"allow":["GET"]}}],"collection":[{"href":"https:\/\/floristanavarro.tusitio.es\/ca\/wp-json\/wp\/v2\/product"}],"about":[{"href":"https:\/\/floristanavarro.tusitio.es\/ca\/wp-json\/wp\/v2\/types\/product"}],"replies":[{"embeddable":true,"href":"https:\/\/floristanavarro.tusitio.es\/ca\/wp-json\/wp\/v2\/comments?post=2846"}],"version-history":[{"count":0,"href":"https:\/\/floristanavarro.tusitio.es\/ca\/wp-json\/wp\/v2\/product\/2846\/revisions"}],"wp:attachment":[{"href":"https:\/\/floristanavarro.tusitio.es\/ca\/wp-json\/wp\/v2\/media?parent=2846"}],"wp:term":[{"taxonomy":"product_brand","embeddable":true,"href":"https:\/\/floristanavarro.tusitio.es\/ca\/wp-json\/wp\/v2\/product_brand?post=2846"},{"taxonomy":"product_cat","embeddable":true,"href":"https:\/\/floristanavarro.tusitio.es\/ca\/wp-json\/wp\/v2\/product_cat?post=2846"},{"taxonomy":"product_tag","embeddable":true,"href":"https:\/\/floristanavarro.tusitio.es\/ca\/wp-json\/wp\/v2\/product_tag?post=2846"}],"curies":[{"name":"wp","href":"https:\/\/api.w.org\/{rel}","templated":true}]}}