{"id":2725,"date":"2015-01-01T00:00:00","date_gmt":"2015-01-01T00:00:00","guid":{"rendered":"https:\/\/floristanavarro.tusitio.es\/producto\/planta-de-chamadorea-60cm-3\/"},"modified":"2015-01-01T00:00:00","modified_gmt":"2015-01-01T00:00:00","slug":"planta-de-chamadorea-60cm-3","status":"publish","type":"product","link":"https:\/\/floristanavarro.tusitio.es\/ca\/producto\/planta-de-chamadorea-60cm-3\/","title":{"rendered":"Planta De Chamadorea (60cm)"},"content":{"rendered":"<p>La planta de chamaedorea \u00e9s una palmera petita d&#8217;interior origin\u00e0ria de M\u00e8xic i Guatemala. \u00c9s una planta de creixement molt lent per aix\u00f2 \u00e9s ideal per decorar est\u00e0ncies reduides. Les seves cures s\u00f3n molt f\u00e0cils, no li fa falta molta llum, per\u00f2 evidentement a m\u00e9s llum tingui millor coloraci\u00f3 tindran les seves fulles, per\u00f2 no \u00e9s vital per la seva superviv\u00e8ncia, haurem de deixar que la terra es sequi una mica entre reg i reg i polveritzar les seves fulles regularment. Els ambients secs poden provocar que es sequin les puntes de de les fulles obtenint un color marron\u00f3s. La chamaedorea pot mantenir-se perfectament durant anys sense necessitat de trasplantar-se. FlositaNavarro entregar\u00e0 aquesta planta amb la base de cer\u00e0mica de tres potes de fusta.<\/p>\n","protected":false},"excerpt":{"rendered":"<p>La planta de chamaedorea \u00e9s una palmera petita d&#8217;interior origin\u00e0ria de M\u00e8xic i Guatemala. \u00c9s una planta de creixement molt lent per aix\u00f2 \u00e9s ideal per decorar est\u00e0ncies reduides. Les seves cures s\u00f3n molt f\u00e0cils, no li fa falta molta llum, per\u00f2 evidentement a m\u00e9s llum tingui millor coloraci\u00f3 tindran les seves fulles, per\u00f2 no \u00e9s vital per la seva superviv\u00e8ncia, haurem de deixar que la terra es sequi una mica entre reg i reg i polveritzar les seves fulles regularment. Els ambients secs poden provocar que es sequin les puntes de de les fulles obtenint un color marron\u00f3s. La chamaedorea pot mantenir-se perfectament durant anys sense necessitat de trasplantar-se. FlositaNavarro entregar\u00e0 aquesta planta amb la base de cer\u00e0mica de tres potes de fusta.<\/p>\n","protected":false},"featured_media":0,"comment_status":"open","ping_status":"closed","template":"","meta":[],"product_brand":[],"product_cat":[193,260,264,375,223,208],"product_tag":[],"class_list":{"0":"post-2725","1":"product","2":"type-product","3":"status-publish","5":"product_cat-inici","6":"product_cat-interior","7":"product_cat-interior-ca","8":"product_cat-interior-2","9":"product_cat-nulo-ca","10":"product_cat-plantes","12":"first","13":"instock","14":"featured","15":"shipping-taxable","16":"purchasable","17":"product-type-variable","18":"has-default-attributes"},"_links":{"self":[{"href":"https:\/\/floristanavarro.tusitio.es\/ca\/wp-json\/wp\/v2\/product\/2725","targetHints":{"allow":["GET"]}}],"collection":[{"href":"https:\/\/floristanavarro.tusitio.es\/ca\/wp-json\/wp\/v2\/product"}],"about":[{"href":"https:\/\/floristanavarro.tusitio.es\/ca\/wp-json\/wp\/v2\/types\/product"}],"replies":[{"embeddable":true,"href":"https:\/\/floristanavarro.tusitio.es\/ca\/wp-json\/wp\/v2\/comments?post=2725"}],"version-history":[{"count":0,"href":"https:\/\/floristanavarro.tusitio.es\/ca\/wp-json\/wp\/v2\/product\/2725\/revisions"}],"wp:attachment":[{"href":"https:\/\/floristanavarro.tusitio.es\/ca\/wp-json\/wp\/v2\/media?parent=2725"}],"wp:term":[{"taxonomy":"product_brand","embeddable":true,"href":"https:\/\/floristanavarro.tusitio.es\/ca\/wp-json\/wp\/v2\/product_brand?post=2725"},{"taxonomy":"product_cat","embeddable":true,"href":"https:\/\/floristanavarro.tusitio.es\/ca\/wp-json\/wp\/v2\/product_cat?post=2725"},{"taxonomy":"product_tag","embeddable":true,"href":"https:\/\/floristanavarro.tusitio.es\/ca\/wp-json\/wp\/v2\/product_tag?post=2725"}],"curies":[{"name":"wp","href":"https:\/\/api.w.org\/{rel}","templated":true}]}}